{"id":464,"date":"2023-03-03T08:30:30","date_gmt":"2023-03-03T08:30:30","guid":{"rendered":"http:\/\/roger.projects.uvt.ro\/acasa-2\/"},"modified":"2023-03-04T12:10:44","modified_gmt":"2023-03-04T12:10:44","slug":"acasa-2","status":"publish","type":"page","link":"http:\/\/roger.projects.uvt.ro\/ro\/","title":{"rendered":"Acas\u0103"},"content":{"rendered":"\t\t<div data-elementor-type=\"wp-page\" data-elementor-id=\"464\" class=\"elementor elementor-464 elementor-9\">\n\t\t\t\t\t\t\t\t\t<section class=\"elementor-section elementor-top-section elementor-element elementor-element-0d35030 elementor-section-boxed elementor-section-height-default elementor-section-height-default\" data-id=\"0d35030\" data-element_type=\"section\">\n\t\t\t\t\t\t<div class=\"elementor-container elementor-column-gap-default\">\n\t\t\t\t\t<div class=\"elementor-column elementor-col-50 elementor-top-column elementor-element elementor-element-318975d\" data-id=\"318975d\" data-element_type=\"column\">\n\t\t\t<div class=\"elementor-widget-wrap elementor-element-populated\">\n\t\t\t\t\t\t\t\t<div class=\"elementor-element elementor-element-ac3598b elementor-widget elementor-widget-heading\" data-id=\"ac3598b\" data-element_type=\"widget\" data-widget_type=\"heading.default\">\n\t\t\t\t<div class=\"elementor-widget-container\">\n\t\t\t<style>\/*! elementor - v3.11.2 - 22-02-2023 *\/\n.elementor-heading-title{padding:0;margin:0;line-height:1}.elementor-widget-heading .elementor-heading-title[class*=elementor-size-]>a{color:inherit;font-size:inherit;line-height:inherit}.elementor-widget-heading .elementor-heading-title.elementor-size-small{font-size:15px}.elementor-widget-heading .elementor-heading-title.elementor-size-medium{font-size:19px}.elementor-widget-heading .elementor-heading-title.elementor-size-large{font-size:29px}.elementor-widget-heading .elementor-heading-title.elementor-size-xl{font-size:39px}.elementor-widget-heading .elementor-heading-title.elementor-size-xxl{font-size:59px}<\/style><h2 class=\"elementor-heading-title elementor-size-default\">Bine a\u021bi venit pe site-ul proiectului ROGER<\/h2>\t\t<\/div>\n\t\t\t\t<\/div>\n\t\t\t\t<div class=\"elementor-element elementor-element-20295d3 elementor-widget elementor-widget-text-editor\" data-id=\"20295d3\" data-element_type=\"widget\" data-widget_type=\"text-editor.default\">\n\t\t\t\t<div class=\"elementor-widget-container\">\n\t\t\t<style>\/*! elementor - v3.11.2 - 22-02-2023 *\/\n.elementor-widget-text-editor.elementor-drop-cap-view-stacked .elementor-drop-cap{background-color:#818a91;color:#fff}.elementor-widget-text-editor.elementor-drop-cap-view-framed .elementor-drop-cap{color:#818a91;border:3px solid;background-color:transparent}.elementor-widget-text-editor:not(.elementor-drop-cap-view-default) .elementor-drop-cap{margin-top:8px}.elementor-widget-text-editor:not(.elementor-drop-cap-view-default) .elementor-drop-cap-letter{width:1em;height:1em}.elementor-widget-text-editor .elementor-drop-cap{float:left;text-align:center;line-height:1;font-size:50px}.elementor-widget-text-editor .elementor-drop-cap-letter{display:inline-block}<\/style>\t\t\t\t<p>Proiectul de cercetare ROGER urm\u0103re\u0219te dezvoltarea unei metodologii, bazate pe corpus lingvistic, de analiz\u0103 a genurilor academice la universit\u0103\u021bile din Rom\u00e2nia, dintr-o perspectiv\u0103 contrastiv\u0103: genurile scrise \u00een limba rom\u00e2n\u0103 \u00een raport cu genurile scrise \u00een limba englez\u0103. Aceasta ne va ajuta s\u0103 \u00een\u021belegem ce \u0219i cum scriu studen\u021bii \u00een cadrul studiilor universitare, at\u00e2t \u00een limba englez\u0103 c\u00e2t \u0219i \u00een limba rom\u00e2n\u0103. Proiectul urm\u0103re\u0219te, de asemenea, \u0219i alc\u0103tuirea unui corpus cu facilit\u0103\u021bi de c\u0103utare, care va fi pus, ulterior, la dispozi\u021bia cercet\u0103torilor \u00een domeniu.<\/p><p>Principalele caracteristici ale corpusului creat (denumit, de asemenea, \u201cROGER\u201d &#8211; Corpus of ROmanian academic GEnRes) sunt: bilingv (rom\u00e2n-englez), comparabil, bazat pe genuri academice, dinamic, scris, scriere academic\u0103 produs\u0103 de studen\u021bi \u00een limba L1 (rom\u00e2na ca limb\u0103 nativ\u0103) \u0219i L2 (engleza ca limb\u0103 str\u0103in\u0103).<\/p><p>Cercetarea din cadrul proiectului ROGER este sus\u021binut\u0103 prin grantul acordat coordonatoarei proiectului, Dr. M\u0103d\u0103lina Chitez, de c\u0103tre Funda\u021bia Na\u021bional\u0103 Elve\u021bian\u0103 pentru \u0218tiin\u021b\u0103, \u00een cadrul programului PROMYS, pentru o perioad\u0103 de cinci ani (2017-2022).<\/p>\t\t\t\t\t\t<\/div>\n\t\t\t\t<\/div>\n\t\t\t\t<div class=\"elementor-element elementor-element-a731f7d elementor-widget elementor-widget-accordion\" data-id=\"a731f7d\" data-element_type=\"widget\" data-widget_type=\"accordion.default\">\n\t\t\t\t<div class=\"elementor-widget-container\">\n\t\t\t<style>\/*! elementor - v3.11.2 - 22-02-2023 *\/\n.elementor-accordion{text-align:left}.elementor-accordion .elementor-accordion-item{border:1px solid #d4d4d4}.elementor-accordion .elementor-accordion-item+.elementor-accordion-item{border-top:none}.elementor-accordion .elementor-tab-title{margin:0;padding:15px 20px;font-weight:700;line-height:1;cursor:pointer;outline:none}.elementor-accordion .elementor-tab-title .elementor-accordion-icon{display:inline-block;width:1.5em}.elementor-accordion .elementor-tab-title .elementor-accordion-icon svg{width:1em;height:1em}.elementor-accordion .elementor-tab-title .elementor-accordion-icon.elementor-accordion-icon-right{float:right;text-align:right}.elementor-accordion .elementor-tab-title .elementor-accordion-icon.elementor-accordion-icon-left{float:left;text-align:left}.elementor-accordion .elementor-tab-title .elementor-accordion-icon .elementor-accordion-icon-closed{display:block}.elementor-accordion .elementor-tab-title .elementor-accordion-icon .elementor-accordion-icon-opened,.elementor-accordion .elementor-tab-title.elementor-active .elementor-accordion-icon-closed{display:none}.elementor-accordion .elementor-tab-title.elementor-active .elementor-accordion-icon-opened{display:block}.elementor-accordion .elementor-tab-content{display:none;padding:15px 20px;border-top:1px solid #d4d4d4}@media (max-width:767px){.elementor-accordion .elementor-tab-title{padding:12px 15px}.elementor-accordion .elementor-tab-title .elementor-accordion-icon{width:1.2em}.elementor-accordion .elementor-tab-content{padding:7px 15px}}.e-con-inner>.elementor-widget-accordion,.e-con>.elementor-widget-accordion{width:var(--container-widget-width);--flex-grow:var(--container-widget-flex-grow)}<\/style>\t\t<div class=\"elementor-accordion\" role=\"tablist\">\n\t\t\t\t\t\t\t<div class=\"elementor-accordion-item\">\n\t\t\t\t\t<div id=\"elementor-tab-title-1751\" class=\"elementor-tab-title\" data-tab=\"1\" role=\"tab\" aria-controls=\"elementor-tab-content-1751\" aria-expanded=\"false\">\n\t\t\t\t\t\t\t\t\t\t\t\t\t<span class=\"elementor-accordion-icon elementor-accordion-icon-right\" aria-hidden=\"true\">\n\t\t\t\t\t\t\t\t\t\t\t\t\t\t\t<span class=\"elementor-accordion-icon-closed\"><i class=\"fas fa-plus\"><\/i><\/span>\n\t\t\t\t\t\t\t\t<span class=\"elementor-accordion-icon-opened\"><i class=\"fas fa-minus\"><\/i><\/span>\n\t\t\t\t\t\t\t\t\t\t\t\t\t\t<\/span>\n\t\t\t\t\t\t\t\t\t\t\t\t<a class=\"elementor-accordion-title\" href=\"\">Scopul proiectului<\/a>\n\t\t\t\t\t<\/div>\n\t\t\t\t\t<div id=\"elementor-tab-content-1751\" class=\"elementor-tab-content elementor-clearfix\" data-tab=\"1\" role=\"tabpanel\" aria-labelledby=\"elementor-tab-title-1751\"><p>Scopul proiectului este acela de a identifica, analiza, m\u0103sura \u0219i evalua caracteristicile retorice \u0219i lingvistice relevante ale aceluia\u0219i gen academic scris \u00een limba matern\u0103 (rom\u00e2n\u0103) fa\u021b\u0103 de varianta scris\u0103 \u00eentr-o limba str\u0103in\u0103 (englez\u0103 L2), pentru a determina gradul de similaritate sau divergen\u021b\u0103 fa\u021b\u0103 de texte similare scrise de c\u0103tre vorbitorii nativi (englez\u0103 L1).<\/p><\/div>\n\t\t\t\t<\/div>\n\t\t\t\t\t\t\t<div class=\"elementor-accordion-item\">\n\t\t\t\t\t<div id=\"elementor-tab-title-1752\" class=\"elementor-tab-title\" data-tab=\"2\" role=\"tab\" aria-controls=\"elementor-tab-content-1752\" aria-expanded=\"false\">\n\t\t\t\t\t\t\t\t\t\t\t\t\t<span class=\"elementor-accordion-icon elementor-accordion-icon-right\" aria-hidden=\"true\">\n\t\t\t\t\t\t\t\t\t\t\t\t\t\t\t<span class=\"elementor-accordion-icon-closed\"><i class=\"fas fa-plus\"><\/i><\/span>\n\t\t\t\t\t\t\t\t<span class=\"elementor-accordion-icon-opened\"><i class=\"fas fa-minus\"><\/i><\/span>\n\t\t\t\t\t\t\t\t\t\t\t\t\t\t<\/span>\n\t\t\t\t\t\t\t\t\t\t\t\t<a class=\"elementor-accordion-title\" href=\"\">Fundamentare teoretic\u0103<\/a>\n\t\t\t\t\t<\/div>\n\t\t\t\t\t<div id=\"elementor-tab-content-1752\" class=\"elementor-tab-content elementor-clearfix\" data-tab=\"2\" role=\"tabpanel\" aria-labelledby=\"elementor-tab-title-1752\"><p>Cercetarea se situeaz\u0103 \u00een prelungirea c\u00e2torva tradi\u021bii teoretice cum ar fi lingvistica de corpus, lingvistica contrastiv\u0103, retorica contrastiv\u0103, a\u0219a-numita writing in the disciplines (elementele de scriere academic\u0103 introduse \u00een cadrul diferitelor discipline studiate \u00een universit\u0103\u021bi), precum \u0219i scrierea \u00een limba englez\u0103 ca limb\u0103 str\u0103in\u0103. Dac\u0103, de regul\u0103, Analiza Contrastiv\u0103 Interlingvistic\u0103 bazat\u0103 pe corpusuri de texte redactate de vorbitori non-nativi compar\u0103 textele redactate in limba englez\u0103 ca limb\u0103 str\u0103in\u0103 cu cele redactate de vorbitori nativi de limba englez\u0103, proiectul nostru l\u0103rge\u0219te aceast\u0103 perspectiv\u0103 prin includerea unui corpus de texte redactate \u00een limba matern\u0103, si anume limba rom\u00e2n\u0103, ad\u0103ug\u00e2nd astfel un al treilea set de date pentru compara\u021bie. Astfel, corpusul de texte scrise de studen\u021bi \u00een limba rom\u00e2n\u0103, ca limb\u0103 matern\u0103, (ROGER-RO) va fi contrastat cu corpusul textelor scrise de c\u0103tre studen\u021bii rom\u00e2ni \u00een limba englez\u0103 ca limb\u0103 str\u0103in\u0103 (ROGER-EN) \u0219i cu texte academice \u00een limba englez\u0103 ca limb\u0103 nativ\u0103 (BAWE \u0219i\/sau MICUSP), permi\u021b\u00e2nd triangula\u021bia experimental\u0103 de date pe baza corpusului, procedeu pe care l-am denumit Analiz\u0103 Contrastiv\u0103 Interlingvistic\u0103 cu Includerea Limbii Native (Contrastive-Interlanguage-to-Native-Language-Analysis, sau CINLA; vezi Chitez, 2014, p. 220).<\/p><\/div>\n\t\t\t\t<\/div>\n\t\t\t\t\t\t\t<div class=\"elementor-accordion-item\">\n\t\t\t\t\t<div id=\"elementor-tab-title-1753\" class=\"elementor-tab-title\" data-tab=\"3\" role=\"tab\" aria-controls=\"elementor-tab-content-1753\" aria-expanded=\"false\">\n\t\t\t\t\t\t\t\t\t\t\t\t\t<span class=\"elementor-accordion-icon elementor-accordion-icon-right\" aria-hidden=\"true\">\n\t\t\t\t\t\t\t\t\t\t\t\t\t\t\t<span class=\"elementor-accordion-icon-closed\"><i class=\"fas fa-plus\"><\/i><\/span>\n\t\t\t\t\t\t\t\t<span class=\"elementor-accordion-icon-opened\"><i class=\"fas fa-minus\"><\/i><\/span>\n\t\t\t\t\t\t\t\t\t\t\t\t\t\t<\/span>\n\t\t\t\t\t\t\t\t\t\t\t\t<a class=\"elementor-accordion-title\" href=\"\">Metodologia cercet\u0103rii. Corpusul<\/a>\n\t\t\t\t\t<\/div>\n\t\t\t\t\t<div id=\"elementor-tab-content-1753\" class=\"elementor-tab-content elementor-clearfix\" data-tab=\"3\" role=\"tabpanel\" aria-labelledby=\"elementor-tab-title-1753\"><p>La baza analizei translingvistice \u00eentreprinse \u00een cadrul proiectului va sta compilarea unui nou corpus, denumit ROGER (corpus al GenuRilor academice Rom\u00e2ne\u0219ti). Acesta va fi alc\u0103tuit dintr-un num\u0103r de familii de genuri academice colectate \u00een paralel din c\u00e2teva universit\u0103\u021bi rom\u00e2ne\u0219ti, at\u00e2t \u00een limba englez\u0103 c\u00e2t \u0219i \u00een limba rom\u00e2n\u0103. Etapa compil\u0103rii corpusului va fi precedat\u0103 de administrarea unui chestionar care va urm\u0103ri determinarea genurilor care vor fi incluse \u00een corpus, dar \u0219i cartografierea genurilor scrise la universit\u0103\u021bile din Rom\u00e2nia.<br \/>Dup\u0103 compilarea \u0219i procesarea corpusului, cele dou\u0103 direc\u021biii fundamentale de cercetare ale proiectului vor fi abordate dintr-o perspectiv\u0103 contrastiv\u0103 (rom\u00e2n\u0103 \u0219i englez\u0103): (a) caracteristici retorice: construirea cunoa\u0219terii \u0219i mut\u0103rile retorice, rolul autorial, strategiile de atenuare a enun\u021bului (hedging), metadiscursul, practicile de citare \u0219i structurile textuale; (b) tr\u0103s\u0103turi lingvistice: profil lexico-gramatical \u0219i construc\u021bii lexicale specifice scrierii academice.<\/p><\/div>\n\t\t\t\t<\/div>\n\t\t\t\t\t\t\t<div class=\"elementor-accordion-item\">\n\t\t\t\t\t<div id=\"elementor-tab-title-1754\" class=\"elementor-tab-title\" data-tab=\"4\" role=\"tab\" aria-controls=\"elementor-tab-content-1754\" aria-expanded=\"false\">\n\t\t\t\t\t\t\t\t\t\t\t\t\t<span class=\"elementor-accordion-icon elementor-accordion-icon-right\" aria-hidden=\"true\">\n\t\t\t\t\t\t\t\t\t\t\t\t\t\t\t<span class=\"elementor-accordion-icon-closed\"><i class=\"fas fa-plus\"><\/i><\/span>\n\t\t\t\t\t\t\t\t<span class=\"elementor-accordion-icon-opened\"><i class=\"fas fa-minus\"><\/i><\/span>\n\t\t\t\t\t\t\t\t\t\t\t\t\t\t<\/span>\n\t\t\t\t\t\t\t\t\t\t\t\t<a class=\"elementor-accordion-title\" href=\"\">Rezultate<\/a>\n\t\t\t\t\t<\/div>\n\t\t\t\t\t<div id=\"elementor-tab-content-1754\" class=\"elementor-tab-content elementor-clearfix\" data-tab=\"4\" role=\"tabpanel\" aria-labelledby=\"elementor-tab-title-1754\"><p align=\"justify\">Sper\u0103m ca rezultatele proiectului nostru s\u0103 fie de interes pentru exper\u021bii din mai multe domenii, cum ar fi lingvistica de corpus, analiza contrastiv\u0103, scrierea academic\u0103 \u0219i, \u00een special, lingvistica aplicat\u0103 de corpus din Rom\u00e2nia. Printre rezultatele proiectului se vor num\u0103ra:<\/p><p>&#8211; cartografierea genurilor scrise utilizate \u00een universit\u0103\u021bile din Rom\u00e2nia, at\u00e2t \u00een limba englez\u0103 c\u00e2t \u0219i \u00een limba rom\u00e2n\u0103, \u00een cadrul mai multor discipline<\/p><p>&#8211; un corpus al genurilor de scriere academic\u0103 \u00een limbile englez\u0103 \u0219i rom\u00e2n\u0103<\/p><p>&#8211; \u00een\u021belegerea caracteristicilor retorice \u0219i lingvistice ale textelor redactate de studen\u021bi \u00een englez\u0103 \u0219i rom\u00e2n\u0103<\/p><p>&#8211; o metod\u0103 de cercetare care va realiza o punte de leg\u0103tur\u0103 \u00eentre studiile contrastive de gen \u0219i abord\u0103rile centrate pe corpusuri de texte ale vorbitorilor non-nativi.<\/p><\/div>\n\t\t\t\t<\/div>\n\t\t\t\t\t\t\t<div class=\"elementor-accordion-item\">\n\t\t\t\t\t<div id=\"elementor-tab-title-1755\" class=\"elementor-tab-title\" data-tab=\"5\" role=\"tab\" aria-controls=\"elementor-tab-content-1755\" aria-expanded=\"false\">\n\t\t\t\t\t\t\t\t\t\t\t\t\t<span class=\"elementor-accordion-icon elementor-accordion-icon-right\" aria-hidden=\"true\">\n\t\t\t\t\t\t\t\t\t\t\t\t\t\t\t<span class=\"elementor-accordion-icon-closed\"><i class=\"fas fa-plus\"><\/i><\/span>\n\t\t\t\t\t\t\t\t<span class=\"elementor-accordion-icon-opened\"><i class=\"fas fa-minus\"><\/i><\/span>\n\t\t\t\t\t\t\t\t\t\t\t\t\t\t<\/span>\n\t\t\t\t\t\t\t\t\t\t\t\t<a class=\"elementor-accordion-title\" href=\"\">Contact<\/a>\n\t\t\t\t\t<\/div>\n\t\t\t\t\t<div id=\"elementor-tab-content-1755\" class=\"elementor-tab-content elementor-clearfix\" data-tab=\"5\" role=\"tabpanel\" aria-labelledby=\"elementor-tab-title-1755\"><p>Pentru orice \u00eentreb\u0103ri \u0219i sugestii, precum \u0219i pentru colabor\u0103ri, ne pute\u021bi contacta la: roger.projects@e-uvt.ro.<\/p><\/div>\n\t\t\t\t<\/div>\n\t\t\t\t\t\t\t\t<\/div>\n\t\t\t\t<\/div>\n\t\t\t\t<\/div>\n\t\t\t\t\t<\/div>\n\t\t<\/div>\n\t\t\t\t<div class=\"elementor-column elementor-col-50 elementor-top-column elementor-element elementor-element-16b57a5\" data-id=\"16b57a5\" data-element_type=\"column\">\n\t\t\t<div class=\"elementor-widget-wrap\">\n\t\t\t\t\t\t\t\t\t<\/div>\n\t\t<\/div>\n\t\t\t\t\t\t\t<\/div>\n\t\t<\/section>\n\t\t\t\t<section class=\"elementor-section elementor-top-section elementor-element elementor-element-1063cb8 elementor-section-boxed elementor-section-height-default elementor-section-height-default\" data-id=\"1063cb8\" data-element_type=\"section\">\n\t\t\t\t\t\t<div class=\"elementor-container elementor-column-gap-default\">\n\t\t\t\t\t<div class=\"elementor-column elementor-col-100 elementor-top-column elementor-element elementor-element-ef6dadf\" data-id=\"ef6dadf\" data-element_type=\"column\">\n\t\t\t<div class=\"elementor-widget-wrap elementor-element-populated\">\n\t\t\t\t\t\t\t\t<div class=\"elementor-element elementor-element-3dcd423 elementor-widget elementor-widget-spacer\" data-id=\"3dcd423\" data-element_type=\"widget\" data-widget_type=\"spacer.default\">\n\t\t\t\t<div class=\"elementor-widget-container\">\n\t\t\t<style>\/*! elementor - v3.11.2 - 22-02-2023 *\/\n.elementor-column .elementor-spacer-inner{height:var(--spacer-size)}.e-con{--container-widget-width:100%}.e-con-inner>.elementor-widget-spacer,.e-con>.elementor-widget-spacer{width:var(--container-widget-width,var(--spacer-size));--align-self:var(--container-widget-align-self,initial);--flex-shrink:0}.e-con-inner>.elementor-widget-spacer>.elementor-widget-container,.e-con-inner>.elementor-widget-spacer>.elementor-widget-container>.elementor-spacer,.e-con>.elementor-widget-spacer>.elementor-widget-container,.e-con>.elementor-widget-spacer>.elementor-widget-container>.elementor-spacer{height:100%}.e-con-inner>.elementor-widget-spacer>.elementor-widget-container>.elementor-spacer>.elementor-spacer-inner,.e-con>.elementor-widget-spacer>.elementor-widget-container>.elementor-spacer>.elementor-spacer-inner{height:var(--container-widget-height,var(--spacer-size))}<\/style>\t\t<div class=\"elementor-spacer\">\n\t\t\t<div class=\"elementor-spacer-inner\"><\/div>\n\t\t<\/div>\n\t\t\t\t<\/div>\n\t\t\t\t<\/div>\n\t\t\t\t\t<\/div>\n\t\t<\/div>\n\t\t\t\t\t\t\t<\/div>\n\t\t<\/section>\n\t\t\t\t\t\t\t<\/div>\n\t\t","protected":false},"excerpt":{"rendered":"<p>Bine a\u021bi venit pe site-ul proiectului ROGER Proiectul de cercetare ROGER urm\u0103re\u0219te dezvoltarea unei metodologii, bazate pe corpus lingvistic, de analiz\u0103 a genurilor academice la universit\u0103\u021bile din Rom\u00e2nia, dintr-o perspectiv\u0103 contrastiv\u0103: genurile scrise \u00een limba rom\u00e2n\u0103 \u00een raport cu genurile scrise \u00een limba englez\u0103. Aceasta ne va ajuta s\u0103 \u00een\u021belegem ce \u0219i cum scriu studen\u021bii [&hellip;]<\/p>\n","protected":false},"author":1,"featured_media":0,"parent":0,"menu_order":0,"comment_status":"closed","ping_status":"closed","template":"","meta":[],"_links":{"self":[{"href":"http:\/\/roger.projects.uvt.ro\/ro\/wp-json\/wp\/v2\/pages\/464"}],"collection":[{"href":"http:\/\/roger.projects.uvt.ro\/ro\/wp-json\/wp\/v2\/pages"}],"about":[{"href":"http:\/\/roger.projects.uvt.ro\/ro\/wp-json\/wp\/v2\/types\/page"}],"author":[{"embeddable":true,"href":"http:\/\/roger.projects.uvt.ro\/ro\/wp-json\/wp\/v2\/users\/1"}],"replies":[{"embeddable":true,"href":"http:\/\/roger.projects.uvt.ro\/ro\/wp-json\/wp\/v2\/comments?post=464"}],"version-history":[{"count":7,"href":"http:\/\/roger.projects.uvt.ro\/ro\/wp-json\/wp\/v2\/pages\/464\/revisions"}],"predecessor-version":[{"id":474,"href":"http:\/\/roger.projects.uvt.ro\/ro\/wp-json\/wp\/v2\/pages\/464\/revisions\/474"}],"wp:attachment":[{"href":"http:\/\/roger.projects.uvt.ro\/ro\/wp-json\/wp\/v2\/media?parent=464"}],"curies":[{"name":"wp","href":"https:\/\/api.w.org\/{rel}","templated":true}]}}