{"id":509,"date":"2023-03-05T18:20:21","date_gmt":"2023-03-05T18:20:21","guid":{"rendered":"http:\/\/roger.projects.uvt.ro\/experti-consultanti\/"},"modified":"2023-03-05T18:20:21","modified_gmt":"2023-03-05T18:20:21","slug":"experti-consultanti","status":"publish","type":"page","link":"http:\/\/roger.projects.uvt.ro\/ro\/experti-consultanti\/","title":{"rendered":"Exper\u021bi consultan\u021bi"},"content":{"rendered":"\t\t<div data-elementor-type=\"wp-page\" data-elementor-id=\"509\" class=\"elementor elementor-509 elementor-41\">\n\t\t\t\t\t\t\t\t\t<section class=\"elementor-section elementor-top-section elementor-element elementor-element-d517488 elementor-section-boxed elementor-section-height-default elementor-section-height-default\" data-id=\"d517488\" data-element_type=\"section\">\n\t\t\t\t\t\t<div class=\"elementor-container elementor-column-gap-default\">\n\t\t\t\t\t<div class=\"elementor-column elementor-col-100 elementor-top-column elementor-element elementor-element-12cffd8\" data-id=\"12cffd8\" data-element_type=\"column\">\n\t\t\t<div class=\"elementor-widget-wrap elementor-element-populated\">\n\t\t\t\t\t\t\t\t<div class=\"elementor-element elementor-element-ac9f270 elementor-widget elementor-widget-heading\" data-id=\"ac9f270\" data-element_type=\"widget\" data-widget_type=\"heading.default\">\n\t\t\t\t<div class=\"elementor-widget-container\">\n\t\t\t<style>\/*! elementor - v3.11.2 - 22-02-2023 *\/\n.elementor-heading-title{padding:0;margin:0;line-height:1}.elementor-widget-heading .elementor-heading-title[class*=elementor-size-]>a{color:inherit;font-size:inherit;line-height:inherit}.elementor-widget-heading .elementor-heading-title.elementor-size-small{font-size:15px}.elementor-widget-heading .elementor-heading-title.elementor-size-medium{font-size:19px}.elementor-widget-heading .elementor-heading-title.elementor-size-large{font-size:29px}.elementor-widget-heading .elementor-heading-title.elementor-size-xl{font-size:39px}.elementor-widget-heading .elementor-heading-title.elementor-size-xxl{font-size:59px}<\/style><h2 class=\"elementor-heading-title elementor-size-default\">Exper\u021bi consultan\u021bi<\/h2>\t\t<\/div>\n\t\t\t\t<\/div>\n\t\t\t\t\t<\/div>\n\t\t<\/div>\n\t\t\t\t\t\t\t<\/div>\n\t\t<\/section>\n\t\t\t\t<section class=\"elementor-section elementor-top-section elementor-element elementor-element-fc4855b elementor-section-boxed elementor-section-height-default elementor-section-height-default\" data-id=\"fc4855b\" data-element_type=\"section\">\n\t\t\t\t\t\t<div class=\"elementor-container elementor-column-gap-default\">\n\t\t\t\t\t<div class=\"elementor-column elementor-col-100 elementor-top-column elementor-element elementor-element-042488e\" data-id=\"042488e\" data-element_type=\"column\">\n\t\t\t<div class=\"elementor-widget-wrap elementor-element-populated\">\n\t\t\t\t\t\t\t\t<div class=\"elementor-element elementor-element-cc9a760 elementor-widget-divider--view-line elementor-widget elementor-widget-divider\" data-id=\"cc9a760\" data-element_type=\"widget\" data-widget_type=\"divider.default\">\n\t\t\t\t<div class=\"elementor-widget-container\">\n\t\t\t<style>\/*! elementor - v3.11.2 - 22-02-2023 *\/\n.elementor-widget-divider{--divider-border-style:none;--divider-border-width:1px;--divider-color:#2c2c2c;--divider-icon-size:20px;--divider-element-spacing:10px;--divider-pattern-height:24px;--divider-pattern-size:20px;--divider-pattern-url:none;--divider-pattern-repeat:repeat-x}.elementor-widget-divider .elementor-divider{display:flex}.elementor-widget-divider .elementor-divider__text{font-size:15px;line-height:1;max-width:95%}.elementor-widget-divider .elementor-divider__element{margin:0 var(--divider-element-spacing);flex-shrink:0}.elementor-widget-divider .elementor-icon{font-size:var(--divider-icon-size)}.elementor-widget-divider .elementor-divider-separator{display:flex;margin:0;direction:ltr}.elementor-widget-divider--view-line_icon .elementor-divider-separator,.elementor-widget-divider--view-line_text .elementor-divider-separator{align-items:center}.elementor-widget-divider--view-line_icon .elementor-divider-separator:after,.elementor-widget-divider--view-line_icon .elementor-divider-separator:before,.elementor-widget-divider--view-line_text .elementor-divider-separator:after,.elementor-widget-divider--view-line_text .elementor-divider-separator:before{display:block;content:\"\";border-bottom:0;flex-grow:1;border-top:var(--divider-border-width) var(--divider-border-style) var(--divider-color)}.elementor-widget-divider--element-align-left .elementor-divider .elementor-divider-separator>.elementor-divider__svg:first-of-type{flex-grow:0;flex-shrink:100}.elementor-widget-divider--element-align-left .elementor-divider-separator:before{content:none}.elementor-widget-divider--element-align-left .elementor-divider__element{margin-left:0}.elementor-widget-divider--element-align-right .elementor-divider .elementor-divider-separator>.elementor-divider__svg:last-of-type{flex-grow:0;flex-shrink:100}.elementor-widget-divider--element-align-right .elementor-divider-separator:after{content:none}.elementor-widget-divider--element-align-right .elementor-divider__element{margin-right:0}.elementor-widget-divider:not(.elementor-widget-divider--view-line_text):not(.elementor-widget-divider--view-line_icon) .elementor-divider-separator{border-top:var(--divider-border-width) var(--divider-border-style) var(--divider-color)}.elementor-widget-divider--separator-type-pattern{--divider-border-style:none}.elementor-widget-divider--separator-type-pattern.elementor-widget-divider--view-line .elementor-divider-separator,.elementor-widget-divider--separator-type-pattern:not(.elementor-widget-divider--view-line) .elementor-divider-separator:after,.elementor-widget-divider--separator-type-pattern:not(.elementor-widget-divider--view-line) .elementor-divider-separator:before,.elementor-widget-divider--separator-type-pattern:not([class*=elementor-widget-divider--view]) .elementor-divider-separator{width:100%;min-height:var(--divider-pattern-height);-webkit-mask-size:var(--divider-pattern-size) 100%;mask-size:var(--divider-pattern-size) 100%;-webkit-mask-repeat:var(--divider-pattern-repeat);mask-repeat:var(--divider-pattern-repeat);background-color:var(--divider-color);-webkit-mask-image:var(--divider-pattern-url);mask-image:var(--divider-pattern-url)}.elementor-widget-divider--no-spacing{--divider-pattern-size:auto}.elementor-widget-divider--bg-round{--divider-pattern-repeat:round}.rtl .elementor-widget-divider .elementor-divider__text{direction:rtl}.e-con-inner>.elementor-widget-divider,.e-con>.elementor-widget-divider{width:var(--container-widget-width,100%);--flex-grow:var(--container-widget-flex-grow)}<\/style>\t\t<div class=\"elementor-divider\">\n\t\t\t<span class=\"elementor-divider-separator\">\n\t\t\t\t\t\t<\/span>\n\t\t<\/div>\n\t\t\t\t<\/div>\n\t\t\t\t<\/div>\n\t\t\t\t\t<\/div>\n\t\t<\/div>\n\t\t\t\t\t\t\t<\/div>\n\t\t<\/section>\n\t\t\t\t<section class=\"elementor-section elementor-top-section elementor-element elementor-element-0468bc0 elementor-section-boxed elementor-section-height-default elementor-section-height-default\" data-id=\"0468bc0\" data-element_type=\"section\">\n\t\t\t\t\t\t<div class=\"elementor-container elementor-column-gap-default\">\n\t\t\t\t\t<div class=\"elementor-column elementor-col-100 elementor-top-column elementor-element elementor-element-f84c866\" data-id=\"f84c866\" data-element_type=\"column\">\n\t\t\t<div class=\"elementor-widget-wrap elementor-element-populated\">\n\t\t\t\t\t\t\t\t<div class=\"elementor-element elementor-element-4ae30d5 elementor-widget elementor-widget-text-editor\" data-id=\"4ae30d5\" data-element_type=\"widget\" data-widget_type=\"text-editor.default\">\n\t\t\t\t<div class=\"elementor-widget-container\">\n\t\t\t<style>\/*! elementor - v3.11.2 - 22-02-2023 *\/\n.elementor-widget-text-editor.elementor-drop-cap-view-stacked .elementor-drop-cap{background-color:#818a91;color:#fff}.elementor-widget-text-editor.elementor-drop-cap-view-framed .elementor-drop-cap{color:#818a91;border:3px solid;background-color:transparent}.elementor-widget-text-editor:not(.elementor-drop-cap-view-default) .elementor-drop-cap{margin-top:8px}.elementor-widget-text-editor:not(.elementor-drop-cap-view-default) .elementor-drop-cap-letter{width:1em;height:1em}.elementor-widget-text-editor .elementor-drop-cap{float:left;text-align:center;line-height:1;font-size:50px}.elementor-widget-text-editor .elementor-drop-cap-letter{display:inline-block}<\/style>\t\t\t\t<p><strong><a href=\"http:\/\/mina.education.ucsb.edu\/bazerman\/\"><span style=\"text-decoration: underline;\">Professor Charles Bazerman<\/span><\/a><\/strong><br \/>\nDepartamentul de Educa\u021bie<br \/>\nUniversitatea din California, Santa Barbara, SUA<\/p>\n<p><strong><a href=\"http:\/\/www.cl.uzh.ch\/de\/people\/team\/bubenhofer.html\" target=\"_blank\" rel=\"noopener\"><span style=\"text-decoration: underline;\">Associate Professor Noah Bubenhofer<\/span><\/a><\/strong><br \/>\nDepartment of Computational Linguistics<br \/>\nUniversitatea din Zurich, Switzerland<\/p>\n<p><strong><a href=\"http:\/\/www.callies.uni-bremen.de\/\" target=\"_blank\" rel=\"noopener\"><span style=\"text-decoration: underline;\">Professor Marcus Callies<\/span><\/a><\/strong><br \/>\nDepartmentul de Lingvistic\u0103 Englez\u0103<br \/>\nUniversitatea din Bremen, Germania<\/p>\n<p><strong><a href=\"http:\/\/www.blanquerna.edu\/es\/fpcee\/profesores\/montserrat-castello\" target=\"_blank\" rel=\"noopener\"><span style=\"text-decoration: underline;\">Professor<\/span> <span style=\"text-decoration: underline;\">Montserrat<\/span> <span style=\"text-decoration: underline;\">Castell<\/span><\/a><\/strong><strong><a href=\"http:\/\/www.blanquerna.edu\/es\/fpcee\/profesores\/montserrat-castello\" target=\"_blank\" rel=\"noopener\">\u00f3<\/a><\/strong><br \/>\nDirector al Institutului de Cercetare \u00een Psihologie, Inv\u0103\u021bare \u0219i Dezvoltare (Re-Psy)<br \/>\nDepartamentul de Psihologie<br \/>\nUniversitatea Ramon Llull, Barcelona, Spania<\/p>\n<p><a href=\"https:\/\/uclouvain.be\/en\/directories\/sylviane.granger\"><strong><span style=\"text-decoration: underline;\">Professor Sylviane Granger<\/span><\/strong>\u00a0<\/a><br \/>\nProfesor emerit de Limba Englez\u0103, Profesor Invitat UCL<br \/>\nFondator \u0219i director al Centrului pentru Lingvistica de Corpus \u00een Limba Englez\u0103<br \/>\nUniversitatea Catolic\u0103 din Louvain, Belgia<\/p>\n<p><strong><a href=\"https:\/\/www.frias.uni-freiburg.de\/en\/the-institute\/structure-and-organisation\/board-of-directors\/kortmann\" target=\"_blank\" rel=\"noopener\"><span style=\"text-decoration: underline;\">Professor Bernd Kortmann<\/span>\u00a0<\/a><\/strong><br \/>\nDirector al Institutului de Studii Avansate din Freiburg (FRIAS)<br \/>\nDirector al Institutului pentru Predarea Limbilor Str\u0103ine (Sprachlehrinstitut, SLI)<br \/>\nDepartamentul de Lingvistic\u0103 Englez\u0103<br \/>\nUniversitatea din Freiburg, Germania<\/p>\n<p><strong><a href=\"http:\/\/www.anglistik.uni-freiburg.de\/seminar\/abteilungen\/sprachwissenschaft\/ls_mair\/homemair?set_language=en\"><span style=\"text-decoration: underline;\">Professor Christian Mair<\/span><\/a><br \/>\n<\/strong>Departamentul de Lingvistic\u0103 Englez\u0103<br \/>\nUniversitatea din Freiburg, Germania<\/p>\n<p><a href=\"http:\/\/www.coventry.ac.uk\/research\/research-directories\/researchers\/professor-hilary-nesi\/\"><strong><span style=\"text-decoration: underline;\">Professor Hilary Nesi<\/span><\/strong><\/a><br \/>\nUniversitatea din Coventry, UK<\/p>\n<p><a href=\"http:\/\/www.racai.ro\/en\/about-us\/racai-staff\/tufis\/\"><strong><span style=\"text-decoration: underline;\">Professor Dan Tufis<\/span>\u00a0<\/strong><\/a><br \/>\nInstitutul de Cercet\u0103ri pentru Inteligen\u021b\u0103 Artificial\u0103 \u201eMihai Dr\u0103g\u0103nescu\u201d, Academia Rom\u00e2n\u0103 (RACAI), Bucure\u0219ti, Rom\u00e2nia<\/p>\n\t\t\t\t\t\t<\/div>\n\t\t\t\t<\/div>\n\t\t\t\t\t<\/div>\n\t\t<\/div>\n\t\t\t\t\t\t\t<\/div>\n\t\t<\/section>\n\t\t\t\t<section class=\"elementor-section elementor-top-section elementor-element elementor-element-8494727 elementor-section-boxed elementor-section-height-default elementor-section-height-default\" data-id=\"8494727\" data-element_type=\"section\">\n\t\t\t\t\t\t<div class=\"elementor-container elementor-column-gap-default\">\n\t\t\t\t\t<div class=\"elementor-column elementor-col-100 elementor-top-column elementor-element elementor-element-f429a07\" data-id=\"f429a07\" data-element_type=\"column\">\n\t\t\t<div class=\"elementor-widget-wrap elementor-element-populated\">\n\t\t\t\t\t\t\t\t<div class=\"elementor-element elementor-element-3c65623 elementor-widget elementor-widget-spacer\" data-id=\"3c65623\" data-element_type=\"widget\" data-widget_type=\"spacer.default\">\n\t\t\t\t<div class=\"elementor-widget-container\">\n\t\t\t<style>\/*! elementor - v3.11.2 - 22-02-2023 *\/\n.elementor-column .elementor-spacer-inner{height:var(--spacer-size)}.e-con{--container-widget-width:100%}.e-con-inner>.elementor-widget-spacer,.e-con>.elementor-widget-spacer{width:var(--container-widget-width,var(--spacer-size));--align-self:var(--container-widget-align-self,initial);--flex-shrink:0}.e-con-inner>.elementor-widget-spacer>.elementor-widget-container,.e-con-inner>.elementor-widget-spacer>.elementor-widget-container>.elementor-spacer,.e-con>.elementor-widget-spacer>.elementor-widget-container,.e-con>.elementor-widget-spacer>.elementor-widget-container>.elementor-spacer{height:100%}.e-con-inner>.elementor-widget-spacer>.elementor-widget-container>.elementor-spacer>.elementor-spacer-inner,.e-con>.elementor-widget-spacer>.elementor-widget-container>.elementor-spacer>.elementor-spacer-inner{height:var(--container-widget-height,var(--spacer-size))}<\/style>\t\t<div class=\"elementor-spacer\">\n\t\t\t<div class=\"elementor-spacer-inner\"><\/div>\n\t\t<\/div>\n\t\t\t\t<\/div>\n\t\t\t\t<\/div>\n\t\t\t\t\t<\/div>\n\t\t<\/div>\n\t\t\t\t\t\t\t<\/div>\n\t\t<\/section>\n\t\t\t\t\t\t\t<\/div>\n\t\t","protected":false},"excerpt":{"rendered":"<p>Exper\u021bi consultan\u021bi Professor Charles Bazerman Departamentul de Educa\u021bie Universitatea din California, Santa Barbara, SUA Associate Professor Noah Bubenhofer Department of Computational Linguistics Universitatea din Zurich, Switzerland Professor Marcus Callies Departmentul de Lingvistic\u0103 Englez\u0103 Universitatea din Bremen, Germania Professor Montserrat Castell\u00f3 Director al Institutului de Cercetare \u00een Psihologie, Inv\u0103\u021bare \u0219i Dezvoltare (Re-Psy) Departamentul de Psihologie Universitatea [&hellip;]<\/p>\n","protected":false},"author":1,"featured_media":0,"parent":0,"menu_order":0,"comment_status":"closed","ping_status":"closed","template":"","meta":[],"_links":{"self":[{"href":"http:\/\/roger.projects.uvt.ro\/ro\/wp-json\/wp\/v2\/pages\/509"}],"collection":[{"href":"http:\/\/roger.projects.uvt.ro\/ro\/wp-json\/wp\/v2\/pages"}],"about":[{"href":"http:\/\/roger.projects.uvt.ro\/ro\/wp-json\/wp\/v2\/types\/page"}],"author":[{"embeddable":true,"href":"http:\/\/roger.projects.uvt.ro\/ro\/wp-json\/wp\/v2\/users\/1"}],"replies":[{"embeddable":true,"href":"http:\/\/roger.projects.uvt.ro\/ro\/wp-json\/wp\/v2\/comments?post=509"}],"version-history":[{"count":1,"href":"http:\/\/roger.projects.uvt.ro\/ro\/wp-json\/wp\/v2\/pages\/509\/revisions"}],"predecessor-version":[{"id":510,"href":"http:\/\/roger.projects.uvt.ro\/ro\/wp-json\/wp\/v2\/pages\/509\/revisions\/510"}],"wp:attachment":[{"href":"http:\/\/roger.projects.uvt.ro\/ro\/wp-json\/wp\/v2\/media?parent=509"}],"curies":[{"name":"wp","href":"https:\/\/api.w.org\/{rel}","templated":true}]}}